{"id":71,"date":"2015-09-15T23:48:37","date_gmt":"2015-09-15T23:48:37","guid":{"rendered":"http:\/\/www.epagneulbreton.qc.ca\/wp\/?page_id=71"},"modified":"2025-08-06T20:54:14","modified_gmt":"2025-08-07T00:54:14","slug":"eleveurs","status":"publish","type":"page","link":"https:\/\/www.epagneulbreton.qc.ca\/wp\/eleveurs\/","title":{"rendered":"\u00c9leveurs"},"content":{"rendered":"\n<h3 class=\"wp-block-heading\"><em><strong>\u00c9leveurs membres du CEB du Qu\u00e9bec<\/strong><\/em><\/h3>\n\n\n\n<p><\/p>\n\n\n<div id=\"pl-gb71-69df174776523\"  class=\"panel-layout\" ><div id=\"pg-gb71-69df174776523-0\"  class=\"panel-grid panel-no-style\" ><div id=\"pgc-gb71-69df174776523-0-0\"  class=\"panel-grid-cell\" ><div id=\"panel-gb71-69df174776523-0-0-0\" class=\"so-panel widget widget_sow-image panel-first-child panel-last-child\" data-index=\"0\" ><div\n\t\t\t\n\t\t\tclass=\"so-widget-sow-image so-widget-sow-image-default-8b5b6f678277-71\"\n\t\t\t\n\t\t>\n<div class=\"sow-image-container\">\n\t\t\t<a href=\"https:\/\/carabel.ca\/\"\n\t\t\ttarget=\"_blank\" rel=\"noopener noreferrer\" \t\t>\n\t\t\t<img \n\tsrc=\"https:\/\/www.epagneulbreton.qc.ca\/wp\/wp-content\/uploads\/2025\/04\/Elevage-Carabel-150x150.png\" width=\"150\" height=\"150\" srcset=\"https:\/\/www.epagneulbreton.qc.ca\/wp\/wp-content\/uploads\/2025\/04\/Elevage-Carabel-150x150.png 150w, https:\/\/www.epagneulbreton.qc.ca\/wp\/wp-content\/uploads\/2025\/04\/Elevage-Carabel-300x300.png 300w, https:\/\/www.epagneulbreton.qc.ca\/wp\/wp-content\/uploads\/2025\/04\/Elevage-Carabel-800x800.png 800w, https:\/\/www.epagneulbreton.qc.ca\/wp\/wp-content\/uploads\/2025\/04\/Elevage-Carabel-768x768.png 768w, https:\/\/www.epagneulbreton.qc.ca\/wp\/wp-content\/uploads\/2025\/04\/Elevage-Carabel.png 875w\" sizes=\"(max-width: 150px) 100vw, 150px\" title=\"Logo \u00c9levage Carabel\" alt=\"\u00c9levage Carabel\" \t\tclass=\"so-widget-image\"\/>\n\t\t\t<\/a><\/div>\n\n<\/div><\/div><\/div><div id=\"pgc-gb71-69df174776523-0-1\"  class=\"panel-grid-cell\" ><div id=\"panel-gb71-69df174776523-0-1-0\" class=\"so-panel widget widget_sow-editor panel-first-child panel-last-child\" data-index=\"1\" ><div\n\t\t\t\n\t\t\tclass=\"so-widget-sow-editor so-widget-sow-editor-base\"\n\t\t\t\n\t\t>\n<div class=\"siteorigin-widget-tinymce textwidget\">\n\t<p><a href=\"https:\/\/carabel.ca\/\" target=\"_blank\" rel=\"noreferrer noopener\">\u00c9levage Carabel<\/a><\/p>\n<p>Yves B\u00e9langer<br \/>\n514-409-9199<br \/>\nMirabel, Qu\u00e9bec<\/p>\n<\/div>\n<\/div><\/div><\/div><\/div><div id=\"pg-gb71-69df174776523-1\"  class=\"panel-grid panel-no-style\" ><div id=\"pgc-gb71-69df174776523-1-0\"  class=\"panel-grid-cell\" ><div id=\"panel-gb71-69df174776523-1-0-0\" class=\"so-panel widget widget_sow-image panel-first-child panel-last-child\" data-index=\"2\" ><div\n\t\t\t\n\t\t\tclass=\"so-widget-sow-image so-widget-sow-image-default-8b5b6f678277-71\"\n\t\t\t\n\t\t>\n<div class=\"sow-image-container\">\n\t\t\t<a href=\"https:\/\/elevagedelaperriere.com\/\"\n\t\t\ttarget=\"_blank\" rel=\"noopener noreferrer\" \t\t>\n\t\t\t<img \n\tsrc=\"https:\/\/www.epagneulbreton.qc.ca\/wp\/wp-content\/uploads\/2025\/04\/image-2-150x150.png\" width=\"150\" height=\"150\" sizes=\"(max-width: 150px) 100vw, 150px\" title=\"Logo \u00c9levage De Laperri\u00e8re\" alt=\"Logo \u00c9levage De Laperri\u00e8re\" \t\tclass=\"so-widget-image\"\/>\n\t\t\t<\/a><\/div>\n\n<\/div><\/div><\/div><div id=\"pgc-gb71-69df174776523-1-1\"  class=\"panel-grid-cell\" ><div id=\"panel-gb71-69df174776523-1-1-0\" class=\"so-panel widget widget_sow-editor panel-first-child panel-last-child\" data-index=\"3\" ><div\n\t\t\t\n\t\t\tclass=\"so-widget-sow-editor so-widget-sow-editor-base\"\n\t\t\t\n\t\t>\n<div class=\"siteorigin-widget-tinymce textwidget\">\n\t<p><a href=\"https:\/\/elevagedelaperriere.com\/\" target=\"_blank\" rel=\"noreferrer noopener\">\u00c9levage de Laperri\u00e8re<\/a><\/p>\n<p>Bernard Laperriere<br \/>\n514-947-9161<br \/>\nClayton, Ontario<\/p>\n<\/div>\n<\/div><\/div><\/div><\/div><div id=\"pg-gb71-69df174776523-2\"  class=\"panel-grid panel-no-style\" ><div id=\"pgc-gb71-69df174776523-2-0\"  class=\"panel-grid-cell\" ><div id=\"panel-gb71-69df174776523-2-0-0\" class=\"so-panel widget widget_sow-image panel-first-child panel-last-child\" data-index=\"4\" ><div\n\t\t\t\n\t\t\tclass=\"so-widget-sow-image so-widget-sow-image-default-8b5b6f678277-71\"\n\t\t\t\n\t\t>\n<div class=\"sow-image-container\">\n\t\t\t<a href=\"https:\/\/www.facebook.com\/people\/%C3%89levage-du-Vieux-Moulin\/61573735563291\/\"\n\t\t\ttarget=\"_blank\" rel=\"noopener noreferrer\" \t\t>\n\t\t\t<img \n\tsrc=\"https:\/\/www.epagneulbreton.qc.ca\/wp\/wp-content\/uploads\/2025\/08\/Capture-de\u0301cran-le-2025-08-06-a\u0300-20.48.11-300x140.png\" width=\"300\" height=\"140\" srcset=\"https:\/\/www.epagneulbreton.qc.ca\/wp\/wp-content\/uploads\/2025\/08\/Capture-de\u0301cran-le-2025-08-06-a\u0300-20.48.11-300x140.png 300w, https:\/\/www.epagneulbreton.qc.ca\/wp\/wp-content\/uploads\/2025\/08\/Capture-de\u0301cran-le-2025-08-06-a\u0300-20.48.11-1200x558.png 1200w, https:\/\/www.epagneulbreton.qc.ca\/wp\/wp-content\/uploads\/2025\/08\/Capture-de\u0301cran-le-2025-08-06-a\u0300-20.48.11-768x357.png 768w, https:\/\/www.epagneulbreton.qc.ca\/wp\/wp-content\/uploads\/2025\/08\/Capture-de\u0301cran-le-2025-08-06-a\u0300-20.48.11-1536x715.png 1536w, https:\/\/www.epagneulbreton.qc.ca\/wp\/wp-content\/uploads\/2025\/08\/Capture-de\u0301cran-le-2025-08-06-a\u0300-20.48.11-2048x953.png 2048w\" sizes=\"(max-width: 300px) 100vw, 300px\" title=\"Capture d\u2019e\u0301cran, le 2025-08-06 a\u0300 20.48.11\" alt=\"\" \t\tclass=\"so-widget-image\"\/>\n\t\t\t<\/a><\/div>\n\n<\/div><\/div><\/div><div id=\"pgc-gb71-69df174776523-2-1\"  class=\"panel-grid-cell\" ><div id=\"panel-gb71-69df174776523-2-1-0\" class=\"so-panel widget widget_sow-editor panel-first-child panel-last-child\" data-index=\"5\" ><div\n\t\t\t\n\t\t\tclass=\"so-widget-sow-editor so-widget-sow-editor-base\"\n\t\t\t\n\t\t>\n<div class=\"siteorigin-widget-tinymce textwidget\">\n\t<p><a href=\"https:\/\/www.facebook.com\/people\/%C3%89levage-du-Vieux-Moulin\/61573735563291\/\" target=\"_blank\" rel=\"noreferrer noopener\">\u00c9levage du Vieux-Moulin<\/a><\/p>\n<p>Dany Aubut<br \/>\n418-700-0649<br \/>\nSainte-H\u00e9n\u00e9dine, Qu\u00e9bec<\/p>\n<\/div>\n<\/div><\/div><\/div><\/div><\/div>","protected":false},"excerpt":{"rendered":"<p>\u00c9leveurs membres du CEB du Qu\u00e9bec<\/p>\n","protected":false},"author":1,"featured_media":0,"parent":0,"menu_order":0,"comment_status":"closed","ping_status":"closed","template":"","meta":{"ngg_post_thumbnail":0,"footnotes":""},"_links":{"self":[{"href":"https:\/\/www.epagneulbreton.qc.ca\/wp\/wp-json\/wp\/v2\/pages\/71"}],"collection":[{"href":"https:\/\/www.epagneulbreton.qc.ca\/wp\/wp-json\/wp\/v2\/pages"}],"about":[{"href":"https:\/\/www.epagneulbreton.qc.ca\/wp\/wp-json\/wp\/v2\/types\/page"}],"author":[{"embeddable":true,"href":"https:\/\/www.epagneulbreton.qc.ca\/wp\/wp-json\/wp\/v2\/users\/1"}],"replies":[{"embeddable":true,"href":"https:\/\/www.epagneulbreton.qc.ca\/wp\/wp-json\/wp\/v2\/comments?post=71"}],"version-history":[{"count":21,"href":"https:\/\/www.epagneulbreton.qc.ca\/wp\/wp-json\/wp\/v2\/pages\/71\/revisions"}],"predecessor-version":[{"id":30617,"href":"https:\/\/www.epagneulbreton.qc.ca\/wp\/wp-json\/wp\/v2\/pages\/71\/revisions\/30617"}],"wp:attachment":[{"href":"https:\/\/www.epagneulbreton.qc.ca\/wp\/wp-json\/wp\/v2\/media?parent=71"}],"curies":[{"name":"wp","href":"https:\/\/api.w.org\/{rel}","templated":true}]}}