{"id":233,"date":"2015-10-01T23:22:22","date_gmt":"2015-10-01T23:22:22","guid":{"rendered":"http:\/\/www.epagneulbreton.qc.ca\/wp\/?page_id=233"},"modified":"2019-08-08T13:07:47","modified_gmt":"2019-08-08T17:07:47","slug":"code-dethique","status":"publish","type":"page","link":"https:\/\/www.epagneulbreton.qc.ca\/wp\/code-dethique\/","title":{"rendered":"Code d&#8217;\u00e9thique"},"content":{"rendered":"<p><strong>Code d\u2019\u00e9thique :<\/strong><br \/>\nC\u2019est l\u2019ensemble des r\u00e8gles et des devoirs qui r\u00e9gissent une organisation et qui sont bas\u00e9s sur des principes et des valeurs morales auxquels s\u2019identifient et se rallient tous les membres. Il \u00e9tablit et encadre la conduite et les rapports entre chaque membre afin de vivre pleinement en harmonie les uns avec les autres.<\/p>\n<p><strong>Pour qui?<\/strong><br \/>\nCe code d\u2019\u00e9thique s\u2019adresse \u00e0 tous les membres du club de l\u2019\u00c9pagneul breton , membres, et \u00e9leveurs. Quelle que soit leur statut ou leur anciennet\u00e9 \u00e0 l\u2019int\u00e9rieur de l\u2019organisation. Chaque membre s\u2019engage lors de son adh\u00e9sion au club, \u00e0 le respecter enti\u00e8rement et sans conditions sous peine de subir des sanctions qui peuvent aller du simple avertissement verbal \u00e0 l\u2019expulsion.<\/p>\n<p><strong>Pourquoi?<\/strong><br \/>\nLe club de l\u2019\u00c9pagneul breton compte sur l\u2019application du code d\u2019\u00e9thique pour pr\u00e9venir autant que possible les sources de probl\u00e8mes internes et sensibiliser les divers intervenants de fa\u00e7on \u00e0 ce qu&#8217;ils puissent vivre pleinement et en harmonie leur implication quel qu\u2019en soit le niveau. Le code d\u2019\u00e9thique vient en quelque sorte d\u00e9limiter l\u2019espace qu\u2019il faut accorder aux libert\u00e9s des individus de fa\u00e7on \u00e0 ne pas nuire \u00e0 celles des autres individus o\u00f9 \u00e0 la r\u00e9putation et l\u2019efficacit\u00e9 du club de l\u2019\u00c9pagneul breton toute enti\u00e8re. Il ne s\u2019agit pas d\u2019\u00e9liminer les sources de plaisirs des uns, mais plut\u00f4t d\u2019\u00e9viter les abus envers les autres. Pour r\u00e9aliser ces objectifs, le code d\u2019\u00e9thique constitue un cadre de r\u00e9f\u00e9rence tout en laissant \u00e0 chacun la facult\u00e9 d\u2019exercer son jugement face \u00e0 une situation donn\u00e9e.<\/p>\n<p><strong>La personne qui adh\u00e8re au club de l\u2019\u00c9pagneul breton signifie son acceptation \u00e0 ce <a href=\"http:\/\/www.epagneulbreton.qc.ca\/wp\/wp-content\/uploads\/CodeEthique.pdf\">code<\/a> et a l\u2019obligation d\u2019en respecter ses principes et r\u00e8gles. \u00c0 d\u00e9faut de quoi, il sera passible d\u2019expulsion du club, et ce, sans pr\u00e9judice \u00e0 tout recours en dommages.<\/strong><\/p>\n<p>CODE D\u2019ETHIQUE DES MEMBRES<\/p>\n<ul>\n<li>Respecter la personne, la propri\u00e9t\u00e9 d\u2019autrui, ainsi que l\u2019orientation et les r\u00e8glements du club de l\u2019\u00c9pagneul breton.<\/li>\n<li>D\u00e9montrer un bel esprit sportif et maintenir une attitude professionnelle en tout temps.<\/li>\n<li>Promouvoir les int\u00e9r\u00eats et le bien \u00eatre de la <strong>race \u00c9pagneul breton. Selon le Standard FCI adopt\u00e9 et promu par le C.E.B.<\/strong><\/li>\n<li>Les membres mettent leurs connaissances, exp\u00e9riences, conseils et services \u00e0 la disposition des novices.<\/li>\n<li>Tout membre qui causera volontairement des dommages ou pr\u00e9judice \u00e0 une personne ou au club sera banni du club. Un avis \u00e9crit lui sera pr\u00e9alablement exp\u00e9di\u00e9.<\/li>\n<li>Loger chaque chien dans un endroit sain et appropri\u00e9, avoir un bon suivi v\u00e9t\u00e9rinaire, bien les nourrir et toiletter. S\u2019assurer continuellement que le chien soit bien sous contr\u00f4le et prendre tous les moyens n\u00e9cessaires soit, en le <strong>gardant en laisse ou en le pla\u00e7ant dans sa cage.<\/strong><\/li>\n<li>En tout temps, les membres doivent se comporter de fa\u00e7on \u00e0 maintenir une bonne r\u00e9putation tant la leur que celle du club et de la race. Lorsqu\u2019il est confront\u00e9 \u00e0 une situation qui n\u2019est pas couverte par ce Code d\u2019\u00c9thique, les actions du membre du club doivent refl\u00e9ter la mani\u00e8re dont ce membre aimerait \u00eatre trait\u00e9 lui-m\u00eame.<\/li>\n<li>Les membres doivent \u00eatre rigoureux dans leurs d\u00e9marches d\u2019\u00e9ducation des propri\u00e9taires potentiels sur les responsabilit\u00e9s inh\u00e9rentes \u00e0 poss\u00e9der un chien, en particulier un \u00c9pagneul breton, sur les soins qu\u2019il n\u00e9cessite et aussi les probl\u00e8mes h\u00e9r\u00e9ditaires potentiels dont cette race peut souffrir.<\/li>\n<li><strong>Placer l\u2019am\u00e9lioration de la race au-dessus de la gloire individuelle et du profit personnel.<\/strong><\/li>\n<\/ul>\n<p>CODE D\u2019ETHIQUE POUR LE TERRAIN DU CLUB DE L\u2019EPAGNEUL BRETON INC.<\/p>\n<ul>\n<li>Respecter la personne, la propri\u00e9t\u00e9 d\u2019autrui, ainsi que l\u2019orientation et les r\u00e8glements du club de l\u2019\u00c9pagneul breton, assurer la conservation de la faune et de ses habitats.<\/li>\n<li>Accepter et respecter en tout temps les d\u00e9cisions des officiels. Rester ma\u00eetre de soi et assumer l\u2019enti\u00e8re responsabilit\u00e9 de ses gestes. Soigner sa conduite sur et hors du terrain en utilisant un langage verbal et gestuel respectueux envers les autres personnes.<\/li>\n<li>Sur le terrain tous les chiens sans exception doivent \u00eatre en laisse ou en cage, sauf pour exercice d\u2019entrainement, de dressage, ou de concours.<\/li>\n<li>Pr\u00e9voir les outils n\u00e9cessaires et ramasser les d\u00e9p\u00f4ts de vos chiens dans l\u2019aire de stationnement.<\/li>\n<li>Lors de questions venant du public, de non-connaisseurs ou de novices, s\u2019abstenir de toutes rudesses, d\u2019intol\u00e9rances ou d\u2019arrogances et fournir aimablement les meilleurs renseignements possibles en regard de la race, de ses caract\u00e9ristiques, du club, des activit\u00e9s et de leurs r\u00e8gles.<\/li>\n<li>Demeurer toujours courtois et poli. Toujours se consid\u00e9rer comme un invit\u00e9 du propri\u00e9taire foncier de fa\u00e7on telle, que vous soyez toujours le bienvenu.<\/li>\n<li>Si une clinique, une conf\u00e9rence, un concours, ou un test doit se donner sur le terrain, aucun autre entrainement avec son ou ses chiens ne devra se pratiquer, afin de ne pas nuire au bon d\u00e9roulement s\u00e9curitaire de l\u2019activit\u00e9.<\/li>\n<li>S\u2019assurer que l\u2019usage d\u2019un v\u00e9hicule dans un sentier ou sur le terrain, ne cause aucun dommage ou blessure. Demeurer dans les sentiers adapt\u00e9s aux v\u00e9hicules et circuler \u00e0 vitesse r\u00e9duite.<\/li>\n<li>Faire preuve d\u2019un bon esprit de comp\u00e9tition en tout temps et s\u2019abstenir de porter de faux jugements sur d\u2019autres participants, leurs chiens, ainsi que sur leur \u00e9levage.<\/li>\n<li>Laisser toujours la propri\u00e9t\u00e9 dans l\u2019\u00e9tat propre, ne jamais jeter de d\u00e9chets sur le terrain, ne pas pi\u00e9tiner les r\u00e9coltes et ne pas couper, ni \u00e9craser les cl\u00f4tures, ne pas oublier de fermer compl\u00e8tement les barri\u00e8res derri\u00e8re vous. Aucun gibier mort ne doit rester sur le terrain.<\/li>\n<li>Ne jamais laisser une arme \u00e0 feu sans surveillance qu\u2019elle soit charg\u00e9e ou non. Les armes doivent \u00eatre ouvertes en tout temps sauf en approche finale sur arr\u00eat du chien.<\/li>\n<li>Le port du dossard est obligatoire pour toute activit\u00e9 de dressage au champ.<\/li>\n<li>Le permis de chasse au petit gibier est obligatoire pour toute activit\u00e9 de dressage d\u2019un chien d\u2019arr\u00eat avec utilisation d\u2019arme \u00e0 feu et d\u2019oiseaux d\u2019\u00e9levage.<\/li>\n<li>L\u2019identification sur le collier du chien doit \u00eatre lisible conform\u00e9ment aux r\u00e8glements de chasse du Qu\u00e9bec.<\/li>\n<\/ul>\n<p><strong>A d\u00e9faut de satisfaire \u00e0 l\u2019une ou \u00e0 l\u2019autre des clauses susmentionn\u00e9es,<br \/>\nLe conseil d\u2019administration pourra, par un avis \u00e9crit, sanctionner, ou expulser les (s) membres(s) fautif(s), et ce, sans pr\u00e9judice \u00e0 tout recours en dommage.<\/strong><\/p>\n","protected":false},"excerpt":{"rendered":"<p>Code d\u2019\u00e9thique : C\u2019est l\u2019ensemble des r\u00e8gles et des devoirs qui r\u00e9gissent une organisation et qui sont bas\u00e9s sur des principes et des valeurs morales auxquels s\u2019identifient et se rallient tous les membres. Il \u00e9tablit et encadre la conduite et les rapports entre chaque membre afin de vivre pleinement en harmonie les uns avec les &#8230; <a title=\"Code d&#8217;\u00e9thique\" class=\"read-more\" href=\"https:\/\/www.epagneulbreton.qc.ca\/wp\/code-dethique\/\" aria-label=\"En savoir plus sur Code d&#8217;\u00e9thique\">Lire la suite<\/a><\/p>\n","protected":false},"author":1,"featured_media":0,"parent":0,"menu_order":0,"comment_status":"closed","ping_status":"closed","template":"","meta":{"ngg_post_thumbnail":0,"footnotes":""},"_links":{"self":[{"href":"https:\/\/www.epagneulbreton.qc.ca\/wp\/wp-json\/wp\/v2\/pages\/233"}],"collection":[{"href":"https:\/\/www.epagneulbreton.qc.ca\/wp\/wp-json\/wp\/v2\/pages"}],"about":[{"href":"https:\/\/www.epagneulbreton.qc.ca\/wp\/wp-json\/wp\/v2\/types\/page"}],"author":[{"embeddable":true,"href":"https:\/\/www.epagneulbreton.qc.ca\/wp\/wp-json\/wp\/v2\/users\/1"}],"replies":[{"embeddable":true,"href":"https:\/\/www.epagneulbreton.qc.ca\/wp\/wp-json\/wp\/v2\/comments?post=233"}],"version-history":[{"count":14,"href":"https:\/\/www.epagneulbreton.qc.ca\/wp\/wp-json\/wp\/v2\/pages\/233\/revisions"}],"predecessor-version":[{"id":3353,"href":"https:\/\/www.epagneulbreton.qc.ca\/wp\/wp-json\/wp\/v2\/pages\/233\/revisions\/3353"}],"wp:attachment":[{"href":"https:\/\/www.epagneulbreton.qc.ca\/wp\/wp-json\/wp\/v2\/media?parent=233"}],"curies":[{"name":"wp","href":"https:\/\/api.w.org\/{rel}","templated":true}]}}